{"id":34,"date":"2014-02-13T16:49:51","date_gmt":"2014-02-13T15:49:51","guid":{"rendered":"http:\/\/vita-gv.fr\/?page_id=34"},"modified":"2025-12-06T14:14:22","modified_gmt":"2025-12-06T13:14:22","slug":"tarifs-et-inscriptions","status":"publish","type":"page","link":"https:\/\/vita-gv.fr\/index.php\/tarifs-et-inscriptions\/","title":{"rendered":"TARIFS &#038; INSCRIPTIONS 2025-2026"},"content":{"rendered":"<p><div class=\"fusion-fullwidth fullwidth-box fusion-builder-row-1 fusion-flex-container nonhundred-percent-fullwidth non-hundred-percent-height-scrolling\" style=\"--awb-border-radius-top-left:0px;--awb-border-radius-top-right:0px;--awb-border-radius-bottom-right:0px;--awb-border-radius-bottom-left:0px;--awb-flex-wrap:wrap;\" ><div class=\"fusion-builder-row fusion-row fusion-flex-align-items-flex-start fusion-flex-content-wrap\" style=\"max-width:1144px;margin-left: calc(-4% \/ 2 );margin-right: calc(-4% \/ 2 );\"><div class=\"fusion-layout-column fusion_builder_column fusion-builder-column-0 fusion_builder_column_1_1 1_1 fusion-flex-column\" style=\"--awb-bg-size:cover;--awb-width-large:100%;--awb-margin-top-large:0px;--awb-spacing-right-large:1.92%;--awb-margin-bottom-large:20px;--awb-spacing-left-large:1.92%;--awb-width-medium:100%;--awb-spacing-right-medium:1.92%;--awb-spacing-left-medium:1.92%;--awb-width-small:100%;--awb-spacing-right-small:1.92%;--awb-spacing-left-small:1.92%;\"><div class=\"fusion-column-wrapper fusion-flex-justify-content-flex-start fusion-content-layout-column\"><div class=\"fusion-image-element \" style=\"text-align:center;--awb-bottom-shadow-color:rgba(188,188,188,0.4);--awb-caption-title-font-family:var(--h2_typography-font-family);--awb-caption-title-font-weight:var(--h2_typography-font-weight);--awb-caption-title-font-style:var(--h2_typography-font-style);--awb-caption-title-size:var(--h2_typography-font-size);--awb-caption-title-transform:var(--h2_typography-text-transform);--awb-caption-title-line-height:var(--h2_typography-line-height);--awb-caption-title-letter-spacing:var(--h2_typography-letter-spacing);\"><div class=\"awb-image-frame awb-image-frame-1 awb-bottomshadow\"><span class=\" fusion-imageframe imageframe-bottomshadow imageframe-1 hover-type-none\"><img decoding=\"async\" width=\"1024\" height=\"442\" alt=\"cours gymnastique vincennois\" title=\"PHOTO-2025-10-22-20-39-53 1\" src=\"https:\/\/vita-gv.fr\/wp-content\/uploads\/2025\/12\/PHOTO-2025-10-22-20-39-53-1-e1765026846180.jpg\" class=\"img-responsive wp-image-4617\" srcset=\"https:\/\/vita-gv.fr\/wp-content\/uploads\/2025\/12\/PHOTO-2025-10-22-20-39-53-1-e1765026846180-200x86.jpg 200w, https:\/\/vita-gv.fr\/wp-content\/uploads\/2025\/12\/PHOTO-2025-10-22-20-39-53-1-e1765026846180-400x173.jpg 400w, https:\/\/vita-gv.fr\/wp-content\/uploads\/2025\/12\/PHOTO-2025-10-22-20-39-53-1-e1765026846180-600x259.jpg 600w, https:\/\/vita-gv.fr\/wp-content\/uploads\/2025\/12\/PHOTO-2025-10-22-20-39-53-1-e1765026846180-800x345.jpg 800w, https:\/\/vita-gv.fr\/wp-content\/uploads\/2025\/12\/PHOTO-2025-10-22-20-39-53-1-e1765026846180.jpg 1024w\" sizes=\"(max-width: 640px) 100vw, 1024px\" \/><\/span><svg xmlns=\"http:\/\/www.w3.org\/2000\/svg\" version=\"1.1\" width=\"100%\" viewBox=\"0 0 600 28\" preserveAspectRatio=\"none\"><g clip-path=\"url(#a)\"><mask id=\"b\" style=\"mask-type:luminance\" maskUnits=\"userSpaceOnUse\" x=\"0\" y=\"0\" width=\"600\" height=\"28\"><path d=\"M0 0h600v28H0V0Z\" fill=\"#fff\"\/><\/mask><g filter=\"url(#c)\" mask=\"url(#b)\"><path d=\"M16.439-18.667h567.123v30.8S438.961-8.4 300-8.4C161.04-8.4 16.438 12.133 16.438 12.133v-30.8Z\" fill=\"#000\"\/><\/g><\/g><defs><clipPath id=\"a\"><path fill=\"#fff\" d=\"M0 0h600v28H0z\"\/><\/clipPath><filter id=\"c\" x=\"5.438\" y=\"-29.667\" width=\"589.123\" height=\"52.8\" filterUnits=\"userSpaceOnUse\" color-interpolation-filters=\"sRGB\"><feFlood flood-opacity=\"0\" result=\"BackgroundImageFix\"\/><feBlend in=\"SourceGraphic\" in2=\"BackgroundImageFix\" result=\"shape\"\/><feGaussianBlur stdDeviation=\"5.5\" result=\"effect1_foregroundBlur_3983_183\"\/><\/filter><\/defs><\/svg><\/div><\/div><\/div><\/div><\/div><\/div><div class=\"fusion-fullwidth fullwidth-box fusion-builder-row-2 fusion-flex-container nonhundred-percent-fullwidth non-hundred-percent-height-scrolling\" style=\"--awb-border-radius-top-left:0px;--awb-border-radius-top-right:0px;--awb-border-radius-bottom-right:0px;--awb-border-radius-bottom-left:0px;--awb-margin-top:30px;--awb-flex-wrap:wrap;\" ><div class=\"fusion-builder-row fusion-row fusion-flex-align-items-flex-start fusion-flex-content-wrap\" style=\"max-width:1144px;margin-left: calc(-4% \/ 2 );margin-right: calc(-4% \/ 2 );\"><div class=\"fusion-layout-column fusion_builder_column fusion-builder-column-1 fusion_builder_column_1_1 1_1 fusion-flex-column\" style=\"--awb-bg-size:cover;--awb-width-large:100%;--awb-margin-top-large:0px;--awb-spacing-right-large:1.92%;--awb-margin-bottom-large:20px;--awb-spacing-left-large:1.92%;--awb-width-medium:100%;--awb-spacing-right-medium:1.92%;--awb-spacing-left-medium:1.92%;--awb-width-small:100%;--awb-spacing-right-small:1.92%;--awb-spacing-left-small:1.92%;\"><div class=\"fusion-column-wrapper fusion-flex-justify-content-flex-start fusion-content-layout-column\">\n<div class=\"table-1\">\n<table width=\"100%\">\n<thead>\n<tr>\n<th style=\"text-align: center;\" align=\"left\">\n<h3>Heure\/semaine<\/h3>\n<\/th>\n<th style=\"text-align: center;\" align=\"left\">\n<h3>1 h<\/h3>\n<\/th>\n<th style=\"text-align: center;\" align=\"left\">\n<h3>1 h 15<\/h3>\n<\/th>\n<th style=\"text-align: center;\" align=\"left\">\n<h3>1 h 30<\/h3>\n<\/th>\n<th style=\"text-align: center;\" align=\"left\">\n<h3>3 h et plus sur la saison compl\u00e8te<\/h3>\n<\/th>\n<\/tr>\n<\/thead>\n<tbody>\n<tr>\n<td style=\"text-align: center;\" align=\"left\">\n<h4><strong>PRIX<\/strong><\/h4>\n<\/td>\n<td style=\"text-align: center;\" align=\"left\">\n<h4><strong>100 \u20ac \/ an<\/strong><\/h4>\n<\/td>\n<td style=\"text-align: center;\" align=\"left\">\n<h4><strong>125 \u20ac \/ an<\/strong><\/h4>\n<\/td>\n<td style=\"text-align: center;\" align=\"left\">\n<h4><strong>150 \u20ac \/ an<\/strong><\/h4>\n<\/td>\n<td style=\"text-align: center;\" align=\"left\">\n<h4><strong>15 \u20ac r\u00e9duction<\/strong><\/h4>\n<\/td>\n<\/tr>\n<\/tbody>\n<\/table>\n<\/div>\n<div class=\"fusion-text fusion-text-1\"><h4 style=\"text-align: center;\"><strong>Plus cotisation annuelle (adh\u00e9sion, licence et assurance) : Vincennois 55 \u20ac &#8211; Non Vincennois 60 \u20ac<\/strong><\/h4>\n<\/div><\/div><\/div><\/div><\/div><div class=\"fusion-fullwidth fullwidth-box fusion-builder-row-3 fusion-flex-container nonhundred-percent-fullwidth non-hundred-percent-height-scrolling\" style=\"--awb-border-radius-top-left:0px;--awb-border-radius-top-right:0px;--awb-border-radius-bottom-right:0px;--awb-border-radius-bottom-left:0px;--awb-margin-top:30px;--awb-flex-wrap:wrap;\" ><div class=\"fusion-builder-row fusion-row fusion-flex-align-items-flex-start fusion-flex-content-wrap\" style=\"max-width:1144px;margin-left: calc(-4% \/ 2 );margin-right: calc(-4% \/ 2 );\"><div class=\"fusion-layout-column fusion_builder_column fusion-builder-column-2 fusion_builder_column_1_3 1_3 fusion-flex-column\" style=\"--awb-bg-size:cover;--awb-width-large:33.333333333333%;--awb-margin-top-large:0px;--awb-spacing-right-large:5.76%;--awb-margin-bottom-large:20px;--awb-spacing-left-large:5.76%;--awb-width-medium:33.333333333333%;--awb-spacing-right-medium:5.76%;--awb-spacing-left-medium:5.76%;--awb-width-small:100%;--awb-spacing-right-small:1.92%;--awb-spacing-left-small:1.92%;\"><div class=\"fusion-column-wrapper fusion-flex-justify-content-flex-start fusion-content-layout-column\"><div class=\"fusion-text fusion-text-2\"><p style=\"text-align: center;\"><strong>LES INSCRIPTIONS SE FONT :<br \/>\n<\/strong><\/p>\n<ul>\n<li style=\"font-weight: 400;\"><span style=\"font-weight: 400;\">Lors de la journ\u00e9e des Associations le samedi 6 Septembre 2025. Les inscriptions ne sont pas possibles lors des cours.<\/span><\/li>\n<li>Pour toute inscription apr\u00e8s la journ\u00e9e des Associations ou pour faire un cours d\u2019essai, merci de nous contacter par mail afin de savoir s\u2019il reste de la place dans le(s) cours souhait\u00e9(s).<\/li>\n<\/ul>\n<\/div><div class=\"fusion-separator fusion-full-width-sep\" style=\"align-self: center;margin-left: auto;margin-right: auto;margin-top:20px;width:100%;\"><div class=\"fusion-separator-border sep-double\" style=\"--awb-height:20px;--awb-amount:20px;border-color:#e0dede;border-top-width:0px;border-bottom-width:0px;\"><\/div><\/div><div class=\"fusion-modal modal fade modal-1 calendrier\" tabindex=\"-1\" role=\"dialog\" aria-labelledby=\"modal-heading-1\" aria-hidden=\"true\" style=\"--awb-border-color:#ebebeb;--awb-background:#f6f6f6;\"><div class=\"modal-dialog modal-lg\" role=\"document\"><div class=\"modal-content fusion-modal-content\"><div class=\"modal-header\"><button class=\"close\" type=\"button\" data-dismiss=\"modal\" aria-hidden=\"true\" aria-label=\"Close\">&times;<\/button><h3 class=\"modal-title\" id=\"modal-heading-1\" data-dismiss=\"modal\" aria-hidden=\"true\">calendrier marche rapide avec b\u00e2tons cours CPA3<\/h3><\/div><div class=\"modal-body fusion-clearfix\">\nInvalid URL for PDF Viewer\n<\/div><\/div><\/div><\/div><\/div><\/div><div class=\"fusion-layout-column fusion_builder_column fusion-builder-column-3 fusion_builder_column_2_3 2_3 fusion-flex-column\" style=\"--awb-bg-size:cover;--awb-width-large:66.666666666667%;--awb-margin-top-large:0px;--awb-spacing-right-large:2.88%;--awb-margin-bottom-large:20px;--awb-spacing-left-large:2.88%;--awb-width-medium:66.666666666667%;--awb-spacing-right-medium:2.88%;--awb-spacing-left-medium:2.88%;--awb-width-small:100%;--awb-spacing-right-small:1.92%;--awb-spacing-left-small:1.92%;\"><div class=\"fusion-column-wrapper fusion-flex-justify-content-flex-start fusion-content-layout-column\"><div class=\"fusion-text fusion-text-3\"><p style=\"text-align: center;\"><strong>TOUT DOSSIER D&rsquo;INSCRIPTION DOIT CONTENIR :<\/strong><\/p>\n<ol style=\"text-align: center;\">\n<li style=\"text-align: left;\">Le bulletin d\u2019inscription d\u00fbment compl\u00e9t\u00e9<\/li>\n<li style=\"text-align: left;\">Votre r\u00e8glement (par ch\u00e8que \u00e0 l\u2019ordre de Vita-GV)<\/li>\n<li style=\"text-align: left;\">Le volet du questionnaire sant\u00e9 ou, le cas \u00e9ch\u00e9ant, un certificat m\u00e9dical de non contre-indication \u00e0 la pratique sportive DE MOINS DE 6 MOIS.<strong><strong> <u>Attention, ne pas retourner le questionnaire qui doit rester confidentiel mais uniquement le \u00ab volet \u00e0 remettre \u00e0 l\u2019association \u00bb.<\/u> En l\u2019absence du volet du questionnaire sant\u00e9 ou certificat m\u00e9dical, l\u2019inscription sera refus\u00e9e<em>.<br \/>\nTELECHARGER LE QUESTIONNAIRE EN CLIQUANT ICI :\u00a0<a href=\"https:\/\/vita-gv.fr\/wp-content\/uploads\/2025\/08\/Questionnaire-sant\u00e9-2025-2026.pdf\">Questionnaire sant\u00e9 2025-2026<\/a><\/em><\/strong><\/strong><\/li>\n<li style=\"text-align: left;\">Une enveloppe timbr\u00e9e \u00e0 vos nom et adresse (si vous d\u00e9sirez un re\u00e7u pour un Comit\u00e9 d\u2019Entreprise).<\/li>\n<li style=\"text-align: left;\">Le justificatif d&rsquo;affiliation \u00e0 la FFEPGV pour la saison en cours (si vous avez d\u00e9j\u00e0 pris votre licence dans un autre club EPGV pour la saison 2025-2026).<\/li>\n<\/ol>\n<p style=\"text-align: left;\"><strong>Aucune inscription ne sera accept\u00e9e dans les cours<\/strong>. <strong>Seuls les dossiers complets seront retenus par le bureau VITA-GV. Apr\u00e8s validation de votre dossier, une confirmation d\u2019inscription vous sera envoy\u00e9e par e-mail.<\/strong><\/p>\n<\/div><\/div><\/div><\/div><\/div><\/p>\n","protected":false},"excerpt":{"rendered":"","protected":false},"author":1,"featured_media":0,"parent":0,"menu_order":0,"comment_status":"open","ping_status":"closed","template":"","meta":{"footnotes":""},"class_list":["post-34","page","type-page","status-publish","hentry"],"yoast_head":"<!-- This site is optimized with the Yoast SEO plugin v26.9 - https:\/\/yoast.com\/product\/yoast-seo-wordpress\/ -->\n<title>TARIFS &amp; INSCRIPTIONS 2025-2026 - VITA-GV<\/title>\n<meta name=\"description\" content=\"VITA-GV propose aux Vincennois des cours de gymnastique en salle et en plein air \u00e0 des tarifs abordables et selon la dur\u00e9e de votre choix.\" \/>\n<meta name=\"robots\" content=\"index, follow, max-snippet:-1, max-image-preview:large, max-video-preview:-1\" \/>\n<link rel=\"canonical\" href=\"https:\/\/vita-gv.fr\/index.php\/tarifs-et-inscriptions\/\" \/>\n<meta property=\"og:locale\" content=\"fr_FR\" \/>\n<meta property=\"og:type\" content=\"article\" \/>\n<meta property=\"og:title\" content=\"TARIFS &amp; INSCRIPTIONS 2025-2026 - VITA-GV\" \/>\n<meta property=\"og:description\" content=\"VITA-GV propose aux Vincennois des cours de gymnastique en salle et en plein air \u00e0 des tarifs abordables et selon la dur\u00e9e de votre choix.\" \/>\n<meta property=\"og:url\" content=\"https:\/\/vita-gv.fr\/index.php\/tarifs-et-inscriptions\/\" \/>\n<meta property=\"og:site_name\" content=\"VITA-GV\" \/>\n<meta property=\"article:modified_time\" content=\"2025-12-06T13:14:22+00:00\" \/>\n<meta name=\"twitter:card\" content=\"summary_large_image\" \/>\n<meta name=\"twitter:label1\" content=\"Dur\u00e9e de lecture estim\u00e9e\" \/>\n\t<meta name=\"twitter:data1\" content=\"8 minutes\" \/>\n<script type=\"application\/ld+json\" class=\"yoast-schema-graph\">{\"@context\":\"https:\/\/schema.org\",\"@graph\":[{\"@type\":\"WebPage\",\"@id\":\"https:\/\/vita-gv.fr\/index.php\/tarifs-et-inscriptions\/\",\"url\":\"https:\/\/vita-gv.fr\/index.php\/tarifs-et-inscriptions\/\",\"name\":\"TARIFS & INSCRIPTIONS 2025-2026 - VITA-GV\",\"isPartOf\":{\"@id\":\"https:\/\/vita-gv.fr\/#website\"},\"datePublished\":\"2014-02-13T15:49:51+00:00\",\"dateModified\":\"2025-12-06T13:14:22+00:00\",\"description\":\"VITA-GV propose aux Vincennois des cours de gymnastique en salle et en plein air \u00e0 des tarifs abordables et selon la dur\u00e9e de votre choix.\",\"breadcrumb\":{\"@id\":\"https:\/\/vita-gv.fr\/index.php\/tarifs-et-inscriptions\/#breadcrumb\"},\"inLanguage\":\"fr-FR\",\"potentialAction\":[{\"@type\":\"ReadAction\",\"target\":[\"https:\/\/vita-gv.fr\/index.php\/tarifs-et-inscriptions\/\"]}]},{\"@type\":\"BreadcrumbList\",\"@id\":\"https:\/\/vita-gv.fr\/index.php\/tarifs-et-inscriptions\/#breadcrumb\",\"itemListElement\":[{\"@type\":\"ListItem\",\"position\":1,\"name\":\"Accueil\",\"item\":\"https:\/\/vita-gv.fr\/\"},{\"@type\":\"ListItem\",\"position\":2,\"name\":\"TARIFS &#038; INSCRIPTIONS 2025-2026\"}]},{\"@type\":\"WebSite\",\"@id\":\"https:\/\/vita-gv.fr\/#website\",\"url\":\"https:\/\/vita-gv.fr\/\",\"name\":\"VITA-GV\",\"description\":\"Gymnastique volontaire de Vincennes\",\"publisher\":{\"@id\":\"https:\/\/vita-gv.fr\/#organization\"},\"potentialAction\":[{\"@type\":\"SearchAction\",\"target\":{\"@type\":\"EntryPoint\",\"urlTemplate\":\"https:\/\/vita-gv.fr\/?s={search_term_string}\"},\"query-input\":{\"@type\":\"PropertyValueSpecification\",\"valueRequired\":true,\"valueName\":\"search_term_string\"}}],\"inLanguage\":\"fr-FR\"},{\"@type\":\"Organization\",\"@id\":\"https:\/\/vita-gv.fr\/#organization\",\"name\":\"VITA-GV\",\"url\":\"https:\/\/vita-gv.fr\/\",\"logo\":{\"@type\":\"ImageObject\",\"inLanguage\":\"fr-FR\",\"@id\":\"https:\/\/vita-gv.fr\/#\/schema\/logo\/image\/\",\"url\":\"https:\/\/vita-gv.fr\/wp-content\/uploads\/2018\/04\/logo-QCLSS-17-21-A094002-COULEUR.jpeg\",\"contentUrl\":\"https:\/\/vita-gv.fr\/wp-content\/uploads\/2018\/04\/logo-QCLSS-17-21-A094002-COULEUR.jpeg\",\"width\":476,\"height\":693,\"caption\":\"VITA-GV\"},\"image\":{\"@id\":\"https:\/\/vita-gv.fr\/#\/schema\/logo\/image\/\"}}]}<\/script>\n<!-- \/ Yoast SEO plugin. -->","yoast_head_json":{"title":"TARIFS & INSCRIPTIONS 2025-2026 - VITA-GV","description":"VITA-GV propose aux Vincennois des cours de gymnastique en salle et en plein air \u00e0 des tarifs abordables et selon la dur\u00e9e de votre choix.","robots":{"index":"index","follow":"follow","max-snippet":"max-snippet:-1","max-image-preview":"max-image-preview:large","max-video-preview":"max-video-preview:-1"},"canonical":"https:\/\/vita-gv.fr\/index.php\/tarifs-et-inscriptions\/","og_locale":"fr_FR","og_type":"article","og_title":"TARIFS & INSCRIPTIONS 2025-2026 - VITA-GV","og_description":"VITA-GV propose aux Vincennois des cours de gymnastique en salle et en plein air \u00e0 des tarifs abordables et selon la dur\u00e9e de votre choix.","og_url":"https:\/\/vita-gv.fr\/index.php\/tarifs-et-inscriptions\/","og_site_name":"VITA-GV","article_modified_time":"2025-12-06T13:14:22+00:00","twitter_card":"summary_large_image","twitter_misc":{"Dur\u00e9e de lecture estim\u00e9e":"8 minutes"},"schema":{"@context":"https:\/\/schema.org","@graph":[{"@type":"WebPage","@id":"https:\/\/vita-gv.fr\/index.php\/tarifs-et-inscriptions\/","url":"https:\/\/vita-gv.fr\/index.php\/tarifs-et-inscriptions\/","name":"TARIFS & INSCRIPTIONS 2025-2026 - VITA-GV","isPartOf":{"@id":"https:\/\/vita-gv.fr\/#website"},"datePublished":"2014-02-13T15:49:51+00:00","dateModified":"2025-12-06T13:14:22+00:00","description":"VITA-GV propose aux Vincennois des cours de gymnastique en salle et en plein air \u00e0 des tarifs abordables et selon la dur\u00e9e de votre choix.","breadcrumb":{"@id":"https:\/\/vita-gv.fr\/index.php\/tarifs-et-inscriptions\/#breadcrumb"},"inLanguage":"fr-FR","potentialAction":[{"@type":"ReadAction","target":["https:\/\/vita-gv.fr\/index.php\/tarifs-et-inscriptions\/"]}]},{"@type":"BreadcrumbList","@id":"https:\/\/vita-gv.fr\/index.php\/tarifs-et-inscriptions\/#breadcrumb","itemListElement":[{"@type":"ListItem","position":1,"name":"Accueil","item":"https:\/\/vita-gv.fr\/"},{"@type":"ListItem","position":2,"name":"TARIFS &#038; INSCRIPTIONS 2025-2026"}]},{"@type":"WebSite","@id":"https:\/\/vita-gv.fr\/#website","url":"https:\/\/vita-gv.fr\/","name":"VITA-GV","description":"Gymnastique volontaire de Vincennes","publisher":{"@id":"https:\/\/vita-gv.fr\/#organization"},"potentialAction":[{"@type":"SearchAction","target":{"@type":"EntryPoint","urlTemplate":"https:\/\/vita-gv.fr\/?s={search_term_string}"},"query-input":{"@type":"PropertyValueSpecification","valueRequired":true,"valueName":"search_term_string"}}],"inLanguage":"fr-FR"},{"@type":"Organization","@id":"https:\/\/vita-gv.fr\/#organization","name":"VITA-GV","url":"https:\/\/vita-gv.fr\/","logo":{"@type":"ImageObject","inLanguage":"fr-FR","@id":"https:\/\/vita-gv.fr\/#\/schema\/logo\/image\/","url":"https:\/\/vita-gv.fr\/wp-content\/uploads\/2018\/04\/logo-QCLSS-17-21-A094002-COULEUR.jpeg","contentUrl":"https:\/\/vita-gv.fr\/wp-content\/uploads\/2018\/04\/logo-QCLSS-17-21-A094002-COULEUR.jpeg","width":476,"height":693,"caption":"VITA-GV"},"image":{"@id":"https:\/\/vita-gv.fr\/#\/schema\/logo\/image\/"}}]}},"_links":{"self":[{"href":"https:\/\/vita-gv.fr\/index.php\/wp-json\/wp\/v2\/pages\/34","targetHints":{"allow":["GET"]}}],"collection":[{"href":"https:\/\/vita-gv.fr\/index.php\/wp-json\/wp\/v2\/pages"}],"about":[{"href":"https:\/\/vita-gv.fr\/index.php\/wp-json\/wp\/v2\/types\/page"}],"author":[{"embeddable":true,"href":"https:\/\/vita-gv.fr\/index.php\/wp-json\/wp\/v2\/users\/1"}],"replies":[{"embeddable":true,"href":"https:\/\/vita-gv.fr\/index.php\/wp-json\/wp\/v2\/comments?post=34"}],"version-history":[{"count":53,"href":"https:\/\/vita-gv.fr\/index.php\/wp-json\/wp\/v2\/pages\/34\/revisions"}],"predecessor-version":[{"id":3180,"href":"https:\/\/vita-gv.fr\/index.php\/wp-json\/wp\/v2\/pages\/34\/revisions\/3180"}],"wp:attachment":[{"href":"https:\/\/vita-gv.fr\/index.php\/wp-json\/wp\/v2\/media?parent=34"}],"curies":[{"name":"wp","href":"https:\/\/api.w.org\/{rel}","templated":true}]}}