{"id":216,"date":"2014-02-20T16:06:13","date_gmt":"2014-02-20T15:06:13","guid":{"rendered":"http:\/\/vita-gv.fr\/?page_id=216"},"modified":"2025-09-22T19:37:20","modified_gmt":"2025-09-22T17:37:20","slug":"ou-pratiquer-les-cours-vita-gv","status":"publish","type":"page","link":"https:\/\/vita-gv.fr\/index.php\/nos-activites\/ou-pratiquer-les-cours-vita-gv\/","title":{"rendered":"O\u00d9 PRATIQUER LES COURS VITA-GV"},"content":{"rendered":"<div class=\"fusion-fullwidth fullwidth-box fusion-builder-row-1 fusion-flex-container nonhundred-percent-fullwidth non-hundred-percent-height-scrolling\" style=\"--awb-border-radius-top-left:0px;--awb-border-radius-top-right:0px;--awb-border-radius-bottom-right:0px;--awb-border-radius-bottom-left:0px;--awb-padding-right:10%;--awb-padding-left:10%;--awb-margin-bottom:50px;--awb-flex-wrap:wrap;\" ><div class=\"fusion-builder-row fusion-row fusion-flex-align-items-flex-start fusion-flex-content-wrap\" style=\"max-width:1144px;margin-left: calc(-4% \/ 2 );margin-right: calc(-4% \/ 2 );\"><div class=\"fusion-layout-column fusion_builder_column fusion-builder-column-0 fusion_builder_column_1_1 1_1 fusion-flex-column\" style=\"--awb-bg-size:cover;--awb-width-large:100%;--awb-margin-top-large:0px;--awb-spacing-right-large:1.92%;--awb-margin-bottom-large:0px;--awb-spacing-left-large:1.92%;--awb-width-medium:100%;--awb-spacing-right-medium:1.92%;--awb-spacing-left-medium:1.92%;--awb-width-small:100%;--awb-spacing-right-small:1.92%;--awb-spacing-left-small:1.92%;\"><div class=\"fusion-column-wrapper fusion-flex-justify-content-flex-start fusion-content-layout-column\"><div class=\"fusion-text fusion-text-1\"><p style=\"text-align: center;\"><strong>Choisissez votre lieu de sport souhait\u00e9<\/strong><\/p>\n<\/div><iframe src=\"https:\/\/www.google.com\/maps\/d\/u\/0\/embed?mid=14IO-5b6zsVBX5K-RuPB5pREtpOyCirc\" width=\"900\" height=\"480\"><\/iframe><div class=\"fusion-text fusion-text-2\"><p style=\"text-align: center;\"><strong>Lieux de rendez-vous<\/strong><\/p>\n<p style=\"text-align: left;\"><strong>CPA01 : <\/strong>\u00e0 la porte jaune, avenue des Minimes, aupr\u00e8s du lac des Minimes, devant la guinguette : Rosa Bonheur \u00e0 l&rsquo;est.<\/p>\n<p><strong>CPA05 :<\/strong> dans le bois, Lac de la Porte Jaune (sur la place devant ROSA BONHEUR)<\/p>\n<p><strong>CPA06<\/strong> : pour le 1er cours, devant l&rsquo;entr\u00e9e principale du Parc Floral.<\/p>\n<p><strong>CPA2 et CPA4 :<\/strong><\/p>\n<ol>\n<li>En venant de Vincennes prendre l&rsquo;avenue de Nogent pour se diriger vers la Porte jaune (proche du Lac des minimes)<\/li>\n<li>Tourner \u00e0 Gauche pour prendre l&rsquo;avenue de Fontenay jusqu&rsquo; l&rsquo;intersection avec la Rue de la Belle Gabrielle. (environ 300 m)<\/li>\n<\/ol>\n<p style=\"padding-left: 40px;\">Le Terrain de p\u00e9tanque se trouve \u00e0 droite \u00e0 l&rsquo;intersection \u00a0de ces deux voies.<\/p>\n<ol start=\"3\">\n<li>On peut venir en RER A Station \u00a0FONTENAY SOUS BOIS \u00a0et on se trouve dans l&rsquo; Avenue de Fontenay (100m \u00e0 faire pour le terrain de p\u00e9tanque)<\/li>\n<\/ol>\n<\/div><\/div><\/div><\/div><\/div>\n","protected":false},"excerpt":{"rendered":"","protected":false},"author":1,"featured_media":0,"parent":28,"menu_order":0,"comment_status":"closed","ping_status":"closed","template":"","meta":{"footnotes":""},"class_list":["post-216","page","type-page","status-publish","hentry"],"yoast_head":"<!-- This site is optimized with the Yoast SEO plugin v26.9 - https:\/\/yoast.com\/product\/yoast-seo-wordpress\/ -->\n<title>O\u00d9 PRATIQUER LES COURS VITA-GV - VITA-GV<\/title>\n<meta name=\"robots\" content=\"index, follow, max-snippet:-1, max-image-preview:large, max-video-preview:-1\" \/>\n<link rel=\"canonical\" href=\"https:\/\/vita-gv.fr\/index.php\/nos-activites\/ou-pratiquer-les-cours-vita-gv\/\" \/>\n<meta property=\"og:locale\" content=\"fr_FR\" \/>\n<meta property=\"og:type\" content=\"article\" \/>\n<meta property=\"og:title\" content=\"O\u00d9 PRATIQUER LES COURS VITA-GV - VITA-GV\" \/>\n<meta property=\"og:url\" content=\"https:\/\/vita-gv.fr\/index.php\/nos-activites\/ou-pratiquer-les-cours-vita-gv\/\" \/>\n<meta property=\"og:site_name\" content=\"VITA-GV\" \/>\n<meta property=\"article:modified_time\" content=\"2025-09-22T17:37:20+00:00\" \/>\n<meta name=\"twitter:card\" content=\"summary_large_image\" \/>\n<meta name=\"twitter:label1\" content=\"Dur\u00e9e de lecture estim\u00e9e\" \/>\n\t<meta name=\"twitter:data1\" content=\"3 minutes\" \/>\n<script type=\"application\/ld+json\" class=\"yoast-schema-graph\">{\"@context\":\"https:\/\/schema.org\",\"@graph\":[{\"@type\":\"WebPage\",\"@id\":\"https:\/\/vita-gv.fr\/index.php\/nos-activites\/ou-pratiquer-les-cours-vita-gv\/\",\"url\":\"https:\/\/vita-gv.fr\/index.php\/nos-activites\/ou-pratiquer-les-cours-vita-gv\/\",\"name\":\"O\u00d9 PRATIQUER LES COURS VITA-GV - VITA-GV\",\"isPartOf\":{\"@id\":\"https:\/\/vita-gv.fr\/#website\"},\"datePublished\":\"2014-02-20T15:06:13+00:00\",\"dateModified\":\"2025-09-22T17:37:20+00:00\",\"breadcrumb\":{\"@id\":\"https:\/\/vita-gv.fr\/index.php\/nos-activites\/ou-pratiquer-les-cours-vita-gv\/#breadcrumb\"},\"inLanguage\":\"fr-FR\",\"potentialAction\":[{\"@type\":\"ReadAction\",\"target\":[\"https:\/\/vita-gv.fr\/index.php\/nos-activites\/ou-pratiquer-les-cours-vita-gv\/\"]}]},{\"@type\":\"BreadcrumbList\",\"@id\":\"https:\/\/vita-gv.fr\/index.php\/nos-activites\/ou-pratiquer-les-cours-vita-gv\/#breadcrumb\",\"itemListElement\":[{\"@type\":\"ListItem\",\"position\":1,\"name\":\"Accueil\",\"item\":\"https:\/\/vita-gv.fr\/\"},{\"@type\":\"ListItem\",\"position\":2,\"name\":\"NOS ACTIVITES\",\"item\":\"https:\/\/vita-gv.fr\/index.php\/nos-activites\/\"},{\"@type\":\"ListItem\",\"position\":3,\"name\":\"O\u00d9 PRATIQUER LES COURS VITA-GV\"}]},{\"@type\":\"WebSite\",\"@id\":\"https:\/\/vita-gv.fr\/#website\",\"url\":\"https:\/\/vita-gv.fr\/\",\"name\":\"VITA-GV\",\"description\":\"Gymnastique volontaire de Vincennes\",\"publisher\":{\"@id\":\"https:\/\/vita-gv.fr\/#organization\"},\"potentialAction\":[{\"@type\":\"SearchAction\",\"target\":{\"@type\":\"EntryPoint\",\"urlTemplate\":\"https:\/\/vita-gv.fr\/?s={search_term_string}\"},\"query-input\":{\"@type\":\"PropertyValueSpecification\",\"valueRequired\":true,\"valueName\":\"search_term_string\"}}],\"inLanguage\":\"fr-FR\"},{\"@type\":\"Organization\",\"@id\":\"https:\/\/vita-gv.fr\/#organization\",\"name\":\"VITA-GV\",\"url\":\"https:\/\/vita-gv.fr\/\",\"logo\":{\"@type\":\"ImageObject\",\"inLanguage\":\"fr-FR\",\"@id\":\"https:\/\/vita-gv.fr\/#\/schema\/logo\/image\/\",\"url\":\"https:\/\/vita-gv.fr\/wp-content\/uploads\/2018\/04\/logo-QCLSS-17-21-A094002-COULEUR.jpeg\",\"contentUrl\":\"https:\/\/vita-gv.fr\/wp-content\/uploads\/2018\/04\/logo-QCLSS-17-21-A094002-COULEUR.jpeg\",\"width\":476,\"height\":693,\"caption\":\"VITA-GV\"},\"image\":{\"@id\":\"https:\/\/vita-gv.fr\/#\/schema\/logo\/image\/\"}}]}<\/script>\n<!-- \/ Yoast SEO plugin. -->","yoast_head_json":{"title":"O\u00d9 PRATIQUER LES COURS VITA-GV - VITA-GV","robots":{"index":"index","follow":"follow","max-snippet":"max-snippet:-1","max-image-preview":"max-image-preview:large","max-video-preview":"max-video-preview:-1"},"canonical":"https:\/\/vita-gv.fr\/index.php\/nos-activites\/ou-pratiquer-les-cours-vita-gv\/","og_locale":"fr_FR","og_type":"article","og_title":"O\u00d9 PRATIQUER LES COURS VITA-GV - VITA-GV","og_url":"https:\/\/vita-gv.fr\/index.php\/nos-activites\/ou-pratiquer-les-cours-vita-gv\/","og_site_name":"VITA-GV","article_modified_time":"2025-09-22T17:37:20+00:00","twitter_card":"summary_large_image","twitter_misc":{"Dur\u00e9e de lecture estim\u00e9e":"3 minutes"},"schema":{"@context":"https:\/\/schema.org","@graph":[{"@type":"WebPage","@id":"https:\/\/vita-gv.fr\/index.php\/nos-activites\/ou-pratiquer-les-cours-vita-gv\/","url":"https:\/\/vita-gv.fr\/index.php\/nos-activites\/ou-pratiquer-les-cours-vita-gv\/","name":"O\u00d9 PRATIQUER LES COURS VITA-GV - VITA-GV","isPartOf":{"@id":"https:\/\/vita-gv.fr\/#website"},"datePublished":"2014-02-20T15:06:13+00:00","dateModified":"2025-09-22T17:37:20+00:00","breadcrumb":{"@id":"https:\/\/vita-gv.fr\/index.php\/nos-activites\/ou-pratiquer-les-cours-vita-gv\/#breadcrumb"},"inLanguage":"fr-FR","potentialAction":[{"@type":"ReadAction","target":["https:\/\/vita-gv.fr\/index.php\/nos-activites\/ou-pratiquer-les-cours-vita-gv\/"]}]},{"@type":"BreadcrumbList","@id":"https:\/\/vita-gv.fr\/index.php\/nos-activites\/ou-pratiquer-les-cours-vita-gv\/#breadcrumb","itemListElement":[{"@type":"ListItem","position":1,"name":"Accueil","item":"https:\/\/vita-gv.fr\/"},{"@type":"ListItem","position":2,"name":"NOS ACTIVITES","item":"https:\/\/vita-gv.fr\/index.php\/nos-activites\/"},{"@type":"ListItem","position":3,"name":"O\u00d9 PRATIQUER LES COURS VITA-GV"}]},{"@type":"WebSite","@id":"https:\/\/vita-gv.fr\/#website","url":"https:\/\/vita-gv.fr\/","name":"VITA-GV","description":"Gymnastique volontaire de Vincennes","publisher":{"@id":"https:\/\/vita-gv.fr\/#organization"},"potentialAction":[{"@type":"SearchAction","target":{"@type":"EntryPoint","urlTemplate":"https:\/\/vita-gv.fr\/?s={search_term_string}"},"query-input":{"@type":"PropertyValueSpecification","valueRequired":true,"valueName":"search_term_string"}}],"inLanguage":"fr-FR"},{"@type":"Organization","@id":"https:\/\/vita-gv.fr\/#organization","name":"VITA-GV","url":"https:\/\/vita-gv.fr\/","logo":{"@type":"ImageObject","inLanguage":"fr-FR","@id":"https:\/\/vita-gv.fr\/#\/schema\/logo\/image\/","url":"https:\/\/vita-gv.fr\/wp-content\/uploads\/2018\/04\/logo-QCLSS-17-21-A094002-COULEUR.jpeg","contentUrl":"https:\/\/vita-gv.fr\/wp-content\/uploads\/2018\/04\/logo-QCLSS-17-21-A094002-COULEUR.jpeg","width":476,"height":693,"caption":"VITA-GV"},"image":{"@id":"https:\/\/vita-gv.fr\/#\/schema\/logo\/image\/"}}]}},"_links":{"self":[{"href":"https:\/\/vita-gv.fr\/index.php\/wp-json\/wp\/v2\/pages\/216","targetHints":{"allow":["GET"]}}],"collection":[{"href":"https:\/\/vita-gv.fr\/index.php\/wp-json\/wp\/v2\/pages"}],"about":[{"href":"https:\/\/vita-gv.fr\/index.php\/wp-json\/wp\/v2\/types\/page"}],"author":[{"embeddable":true,"href":"https:\/\/vita-gv.fr\/index.php\/wp-json\/wp\/v2\/users\/1"}],"replies":[{"embeddable":true,"href":"https:\/\/vita-gv.fr\/index.php\/wp-json\/wp\/v2\/comments?post=216"}],"version-history":[{"count":7,"href":"https:\/\/vita-gv.fr\/index.php\/wp-json\/wp\/v2\/pages\/216\/revisions"}],"predecessor-version":[{"id":4573,"href":"https:\/\/vita-gv.fr\/index.php\/wp-json\/wp\/v2\/pages\/216\/revisions\/4573"}],"up":[{"embeddable":true,"href":"https:\/\/vita-gv.fr\/index.php\/wp-json\/wp\/v2\/pages\/28"}],"wp:attachment":[{"href":"https:\/\/vita-gv.fr\/index.php\/wp-json\/wp\/v2\/media?parent=216"}],"curies":[{"name":"wp","href":"https:\/\/api.w.org\/{rel}","templated":true}]}}