{"id":13,"date":"2014-02-06T10:37:28","date_gmt":"2014-02-06T09:37:28","guid":{"rendered":"http:\/\/vita-gv.fr\/?page_id=13"},"modified":"2025-11-08T13:45:13","modified_gmt":"2025-11-08T12:45:13","slug":"vita-gv-gymnastique-volontaire-de-vincennes","status":"publish","type":"page","link":"https:\/\/vita-gv.fr\/","title":{"rendered":"VITA-GV gymnastique volontaire de Vincennes"},"content":{"rendered":"<p><div class=\"fusion-fullwidth fullwidth-box fusion-builder-row-1 fusion-flex-container nonhundred-percent-fullwidth non-hundred-percent-height-scrolling\" style=\"--awb-border-radius-top-left:0px;--awb-border-radius-top-right:0px;--awb-border-radius-bottom-right:0px;--awb-border-radius-bottom-left:0px;--awb-margin-top:30px;--awb-margin-bottom:60px;--awb-flex-wrap:wrap;\" ><div class=\"fusion-builder-row fusion-row fusion-flex-align-items-flex-start fusion-flex-content-wrap\" style=\"max-width:1144px;margin-left: calc(-4% \/ 2 );margin-right: calc(-4% \/ 2 );\"><div class=\"fusion-layout-column fusion_builder_column fusion-builder-column-0 fusion_builder_column_1_2 1_2 fusion-flex-column\" style=\"--awb-bg-size:cover;--awb-width-large:50%;--awb-margin-top-large:0px;--awb-spacing-right-large:3.84%;--awb-margin-bottom-large:20px;--awb-spacing-left-large:3.84%;--awb-width-medium:50%;--awb-spacing-right-medium:3.84%;--awb-spacing-left-medium:3.84%;--awb-width-small:100%;--awb-spacing-right-small:1.92%;--awb-spacing-left-small:1.92%;\"><div class=\"fusion-column-wrapper fusion-flex-justify-content-flex-start fusion-content-layout-column\"><div class=\"fusion-image-element \" style=\"--awb-bottom-shadow-color:rgba(226,226,226,0.4);--awb-caption-title-font-family:var(--h2_typography-font-family);--awb-caption-title-font-weight:var(--h2_typography-font-weight);--awb-caption-title-font-style:var(--h2_typography-font-style);--awb-caption-title-size:var(--h2_typography-font-size);--awb-caption-title-transform:var(--h2_typography-text-transform);--awb-caption-title-line-height:var(--h2_typography-line-height);--awb-caption-title-letter-spacing:var(--h2_typography-letter-spacing);\"><div class=\"awb-image-frame awb-image-frame-1 awb-bottomshadow\"><span class=\" fusion-imageframe imageframe-bottomshadow imageframe-1 hover-type-none\"><a class=\"fusion-no-lightbox\" href=\"http:\/\/vita-gv.fr\/index.php\/nos-activites\/cours-gymnastique-en-salle\/\" target=\"_self\" aria-label=\"PHOTO-2025-10-22-20-39-53_r500_q100\"><img decoding=\"async\" width=\"500\" height=\"260\" alt=\"cours de gymnastique en salle vita-gv\" src=\"https:\/\/vita-gv.fr\/wp-content\/uploads\/2025\/11\/PHOTO-2025-10-22-20-39-53_r500_q100.jpg\" class=\"img-responsive wp-image-4601\" srcset=\"https:\/\/vita-gv.fr\/wp-content\/uploads\/2025\/11\/PHOTO-2025-10-22-20-39-53_r500_q100-200x104.jpg 200w, https:\/\/vita-gv.fr\/wp-content\/uploads\/2025\/11\/PHOTO-2025-10-22-20-39-53_r500_q100-400x208.jpg 400w, https:\/\/vita-gv.fr\/wp-content\/uploads\/2025\/11\/PHOTO-2025-10-22-20-39-53_r500_q100.jpg 500w\" sizes=\"(max-width: 640px) 100vw, 500px\" \/><\/a><\/span><svg xmlns=\"http:\/\/www.w3.org\/2000\/svg\" version=\"1.1\" width=\"100%\" viewBox=\"0 0 600 28\" preserveAspectRatio=\"none\"><g clip-path=\"url(#a)\"><mask id=\"b\" style=\"mask-type:luminance\" maskUnits=\"userSpaceOnUse\" x=\"0\" y=\"0\" width=\"600\" height=\"28\"><path d=\"M0 0h600v28H0V0Z\" fill=\"#fff\"\/><\/mask><g filter=\"url(#c)\" mask=\"url(#b)\"><path d=\"M16.439-18.667h567.123v30.8S438.961-8.4 300-8.4C161.04-8.4 16.438 12.133 16.438 12.133v-30.8Z\" fill=\"#000\"\/><\/g><\/g><defs><clipPath id=\"a\"><path fill=\"#fff\" d=\"M0 0h600v28H0z\"\/><\/clipPath><filter id=\"c\" x=\"5.438\" y=\"-29.667\" width=\"589.123\" height=\"52.8\" filterUnits=\"userSpaceOnUse\" color-interpolation-filters=\"sRGB\"><feFlood flood-opacity=\"0\" result=\"BackgroundImageFix\"\/><feBlend in=\"SourceGraphic\" in2=\"BackgroundImageFix\" result=\"shape\"\/><feGaussianBlur stdDeviation=\"5.5\" result=\"effect1_foregroundBlur_3983_183\"\/><\/filter><\/defs><\/svg><\/div><\/div><div class=\"fusion-text fusion-text-1\"><h2 style=\"text-align: center;\"><strong>COURS DE GYM EN SALLE<\/strong><\/h2>\n<p style=\"text-align: center;\"><strong>Gym musculaire et tonique<br \/>\n<\/strong><b>Gym d\u2019entretien, \u00e9quilibre et souplesse <\/b><strong><br \/>\n<\/strong><strong>Etirements<br \/>\nPilates<br \/>\n<\/strong><\/p>\n<\/div><div style=\"text-align:center;\"><a class=\"fusion-button button-flat fusion-button-default-size button-default fusion-button-default button-1 fusion-button-default-span fusion-button-default-type\" target=\"_self\" href=\"http:\/\/vita-gv.fr\/index.php\/nos-activites\/cours-gymnastique-en-salle\/\"><span class=\"fusion-button-text\">En savoir +<\/span><\/a><\/div><\/div><\/div><div class=\"fusion-layout-column fusion_builder_column fusion-builder-column-1 fusion_builder_column_1_2 1_2 fusion-flex-column\" style=\"--awb-bg-size:cover;--awb-width-large:50%;--awb-margin-top-large:0px;--awb-spacing-right-large:3.84%;--awb-margin-bottom-large:20px;--awb-spacing-left-large:3.84%;--awb-width-medium:50%;--awb-spacing-right-medium:3.84%;--awb-spacing-left-medium:3.84%;--awb-width-small:100%;--awb-spacing-right-small:1.92%;--awb-spacing-left-small:1.92%;\"><div class=\"fusion-column-wrapper fusion-flex-justify-content-flex-start fusion-content-layout-column\"><div class=\"fusion-image-element \" style=\"--awb-bottom-shadow-color:rgba(226,226,226,0.4);--awb-caption-title-font-family:var(--h2_typography-font-family);--awb-caption-title-font-weight:var(--h2_typography-font-weight);--awb-caption-title-font-style:var(--h2_typography-font-style);--awb-caption-title-size:var(--h2_typography-font-size);--awb-caption-title-transform:var(--h2_typography-text-transform);--awb-caption-title-line-height:var(--h2_typography-line-height);--awb-caption-title-letter-spacing:var(--h2_typography-letter-spacing);\"><div class=\"awb-image-frame awb-image-frame-2 awb-bottomshadow\"><span class=\" fusion-imageframe imageframe-bottomshadow imageframe-2 hover-type-none\"><a class=\"fusion-no-lightbox\" href=\"http:\/\/vita-gv.fr\/index.php\/nos-activites\/marche-gymnastique-plein-air\/\" target=\"_self\" aria-label=\"Cours Oxyge\u0300ne Renforcement musculaire\"><img decoding=\"async\" width=\"500\" height=\"260\" alt=\"cours de gymnastique en plein air vita-gv\" src=\"http:\/\/vita-gv.fr\/wp-content\/uploads\/2018\/03\/Cours-Oxyge\u0300ne-Renforcement-musculaire-DSC05431.jpg\" class=\"img-responsive wp-image-3150\" srcset=\"https:\/\/vita-gv.fr\/wp-content\/uploads\/2018\/03\/Cours-Oxyge\u0300ne-Renforcement-musculaire-DSC05431-200x104.jpg 200w, https:\/\/vita-gv.fr\/wp-content\/uploads\/2018\/03\/Cours-Oxyge\u0300ne-Renforcement-musculaire-DSC05431-400x208.jpg 400w, https:\/\/vita-gv.fr\/wp-content\/uploads\/2018\/03\/Cours-Oxyge\u0300ne-Renforcement-musculaire-DSC05431.jpg 500w\" sizes=\"(max-width: 640px) 100vw, 500px\" \/><\/a><\/span><svg xmlns=\"http:\/\/www.w3.org\/2000\/svg\" version=\"1.1\" width=\"100%\" viewBox=\"0 0 600 28\" preserveAspectRatio=\"none\"><g clip-path=\"url(#a)\"><mask id=\"b\" style=\"mask-type:luminance\" maskUnits=\"userSpaceOnUse\" x=\"0\" y=\"0\" width=\"600\" height=\"28\"><path d=\"M0 0h600v28H0V0Z\" fill=\"#fff\"\/><\/mask><g filter=\"url(#c)\" mask=\"url(#b)\"><path d=\"M16.439-18.667h567.123v30.8S438.961-8.4 300-8.4C161.04-8.4 16.438 12.133 16.438 12.133v-30.8Z\" fill=\"#000\"\/><\/g><\/g><defs><clipPath id=\"a\"><path fill=\"#fff\" d=\"M0 0h600v28H0z\"\/><\/clipPath><filter id=\"c\" x=\"5.438\" y=\"-29.667\" width=\"589.123\" height=\"52.8\" filterUnits=\"userSpaceOnUse\" color-interpolation-filters=\"sRGB\"><feFlood flood-opacity=\"0\" result=\"BackgroundImageFix\"\/><feBlend in=\"SourceGraphic\" in2=\"BackgroundImageFix\" result=\"shape\"\/><feGaussianBlur stdDeviation=\"5.5\" result=\"effect1_foregroundBlur_3983_183\"\/><\/filter><\/defs><\/svg><\/div><\/div><div class=\"fusion-text fusion-text-2\"><h2 style=\"text-align: center;\"><strong>COURS EN PLEIN AIR<\/strong><\/h2>\n<p style=\"text-align: center;\"><strong>Marche nordique<br \/>\nMarche nordique et renforcement musculaire<br \/>\n<\/strong><strong>Gym et footing mod\u00e9r\u00e9<br \/>\nGym Oxyg\u00e8ne<\/strong><\/p>\n<\/div><div style=\"text-align:center;\"><a class=\"fusion-button button-flat fusion-button-default-size button-default fusion-button-default button-2 fusion-button-default-span fusion-button-default-type\" target=\"_self\" href=\"http:\/\/vita-gv.fr\/index.php\/nos-activites\/marche-gymnastique-plein-air\/\"><span class=\"fusion-button-text\">En savoir +<\/span><\/a><\/div><\/div><\/div><\/div><\/div><div class=\"fusion-fullwidth fullwidth-box fusion-builder-row-2 fusion-flex-container nonhundred-percent-fullwidth non-hundred-percent-height-scrolling\" style=\"--awb-border-radius-top-left:0px;--awb-border-radius-top-right:0px;--awb-border-radius-bottom-right:0px;--awb-border-radius-bottom-left:0px;--awb-padding-top:50px;--awb-padding-bottom:20px;--awb-background-color:#0098a1;--awb-flex-wrap:wrap;\" ><div class=\"fusion-builder-row fusion-row fusion-flex-align-items-flex-start fusion-flex-content-wrap\" style=\"max-width:1144px;margin-left: calc(-4% \/ 2 );margin-right: calc(-4% \/ 2 );\"><div class=\"fusion-layout-column fusion_builder_column fusion-builder-column-2 fusion_builder_column_1_1 1_1 fusion-flex-column\" style=\"--awb-bg-size:cover;--awb-width-large:100%;--awb-margin-top-large:0px;--awb-spacing-right-large:1.92%;--awb-margin-bottom-large:20px;--awb-spacing-left-large:1.92%;--awb-width-medium:100%;--awb-spacing-right-medium:1.92%;--awb-spacing-left-medium:1.92%;--awb-width-small:100%;--awb-spacing-right-small:1.92%;--awb-spacing-left-small:1.92%;\"><div class=\"fusion-column-wrapper fusion-flex-justify-content-flex-start fusion-content-layout-column\"><div class=\"fusion-title title fusion-title-1 fusion-sep-none fusion-title-center fusion-title-text fusion-title-size-two\"><h2 class=\"fusion-title-heading title-heading-center\" style=\"margin:0;\"><span style=\"color: #ffffff; font-size: 16pt;\">\u00a0Dans une ambiance conviviale et non comp\u00e9titive,<br \/>\nVITA-GV vous propose<br \/>\ndes cours en salle, en soir\u00e9e, et des cours en plein air, dans la journ\u00e9e.<\/span><\/h2><\/div><\/div><\/div><div class=\"fusion-layout-column fusion_builder_column fusion-builder-column-3 fusion_builder_column_1_1 1_1 fusion-flex-column\" style=\"--awb-bg-size:cover;--awb-width-large:100%;--awb-margin-top-large:0px;--awb-spacing-right-large:1.92%;--awb-margin-bottom-large:20px;--awb-spacing-left-large:1.92%;--awb-width-medium:100%;--awb-spacing-right-medium:1.92%;--awb-spacing-left-medium:1.92%;--awb-width-small:100%;--awb-spacing-right-small:1.92%;--awb-spacing-left-small:1.92%;\"><div class=\"fusion-column-wrapper fusion-flex-justify-content-flex-start fusion-content-layout-column\"><div class=\"fusion-content-boxes content-boxes columns row fusion-columns-3 fusion-columns-total-3 fusion-content-boxes-1 content-boxes-icon-boxed content-left\" style=\"--awb-body-color:#333333;--awb-title-color:#00378b;--awb-hover-accent-color:#b0c90c;--awb-circle-hover-accent-color:#b0c90c;\" data-animationOffset=\"top-into-view\"><div style=\"--awb-backgroundcolor:#ffffff;\" class=\"fusion-column content-box-column content-box-column content-box-column-1 col-lg-4 col-md-4 col-sm-4 fusion-content-box-hover content-box-column-first-in-row\"><div class=\"col content-box-wrapper content-wrapper-background content-wrapper-boxed link-area-link-icon link-type-text icon-hover-animation-slide\" data-animationOffset=\"top-into-view\"><div class=\"heading heading-with-icon icon-left\"><a class=\"heading-link\" href=\"http:\/\/vita-gv.fr\/index.php\/nos-activites\/ou-pratiquer-les-cours-vita-gv\/\" target=\"_self\"><div class=\"icon\"><i style=\"border-color:#00378b;border-width:1px;background-color:#00378b;box-sizing:content-box;height:60px;width:60px;line-height:60px;top:-80px;margin-left:-30px;border-radius:50%;font-size:30px;\" aria-hidden=\"true\" class=\"fontawesome-icon fa-map-marker-alt fas circle-yes\"><\/i><\/div><h2 class=\"content-box-heading\" style=\"--h2_typography-font-size:18px;line-height:23px;\">O\u00f9 pratiquer ?<\/h2><\/a><\/div><div class=\"fusion-clearfix\"><\/div><div class=\"content-container\">\n<p style=\"text-align: center;\">Plateau Georges Serre,<br \/>\nGymnase du Parc du Ch\u00e2teau,<br \/>\nGymnase Paul de Benedetti,<br \/>\nGymnase de l\u2019\u00c9cole de l&rsquo;Ouest,<br \/>\nGymnase de l\u2019Ecole Simone Veil<br \/>\nLac de la Porte Jaune,<br \/>\nEsplanade du Ch\u00e2teau<\/p>\n<\/div><div class=\"fusion-clearfix\"><\/div><a class=\" fusion-read-more\" href=\"http:\/\/vita-gv.fr\/index.php\/nos-activites\/ou-pratiquer-les-cours-vita-gv\/\" target=\"_self\">Notre carte de cours<\/a><div class=\"fusion-clearfix\"><\/div><\/div><\/div><div style=\"--awb-backgroundcolor:#ffffff;\" class=\"fusion-column content-box-column content-box-column content-box-column-2 col-lg-4 col-md-4 col-sm-4 fusion-content-box-hover \"><div class=\"col content-box-wrapper content-wrapper-background content-wrapper-boxed link-area-link-icon icon-hover-animation-slide\" data-animationOffset=\"top-into-view\"><div class=\"heading heading-with-icon icon-left\"><div class=\"icon\"><i style=\"border-color:#00378b;border-width:1px;background-color:#00378b;box-sizing:content-box;height:60px;width:60px;line-height:60px;top:-80px;margin-left:-30px;border-radius:50%;font-size:30px;\" aria-hidden=\"true\" class=\"fontawesome-icon fa-calendar-alt fas circle-yes\"><\/i><\/div><h2 class=\"content-box-heading\" style=\"--h2_typography-font-size:18px;line-height:23px;\">Quand pratiquer ?<\/h2><\/div><div class=\"fusion-clearfix\"><\/div><div class=\"content-container\">\n<p style=\"text-align: center;\"><strong>Du Lundi au Samedi en dehors des vacances scolaires et jours f\u00e9ri\u00e9s,<br \/>\nchoisissez votre jour<\/strong><br \/>\n<span style=\"color: #ffffff;\">&#8211;<\/span><br \/>\n<a href=\"http:\/\/vita-gv.fr\/index.php\/nos-activites\/cours-gymnastique-en-salle\/\">Planning des s\u00e9ances<br \/>\nde Cours en Salle<\/a><br \/>\n<span style=\"color: #ffffff;\">&#8211;<\/span><br \/>\n<a href=\"http:\/\/vita-gv.fr\/index.php\/nos-activites\/marche-gymnastique-plein-air\/\">Planning des s\u00e9ances<br \/>\nde Cours en plein Air<\/a><\/p>\n<\/div><\/div><\/div><div style=\"--awb-backgroundcolor:#ffffff;\" class=\"fusion-column content-box-column content-box-column content-box-column-3 col-lg-4 col-md-4 col-sm-4 fusion-content-box-hover content-box-column-last content-box-column-last-in-row\"><div class=\"col content-box-wrapper content-wrapper-background content-wrapper-boxed link-area-link-icon link-type-text icon-hover-animation-slide\" data-animationOffset=\"top-into-view\"><div class=\"heading heading-with-icon icon-left\"><a class=\"heading-link\" href=\"http:\/\/vita-gv.fr\/index.php\/tarifs-et-inscriptions\/\" target=\"_self\"><div class=\"icon\"><i style=\"border-color:#00378b;border-width:1px;background-color:#00378b;box-sizing:content-box;height:60px;width:60px;line-height:60px;top:-80px;margin-left:-30px;border-radius:50%;font-size:30px;\" aria-hidden=\"true\" class=\"fontawesome-icon fa-user-circle fas circle-yes\"><\/i><\/div><h2 class=\"content-box-heading\" style=\"--h2_typography-font-size:18px;line-height:23px;\">Tarifs &amp; Inscriptions<\/h2><\/a><\/div><div class=\"fusion-clearfix\"><\/div><div class=\"content-container\">\n<p style=\"text-align: center;\">De 1 \u00e0 4 heures de cours,<br \/>\nchoisissez votre formule<\/p>\n<\/div><div class=\"fusion-clearfix\"><\/div><a class=\" fusion-read-more\" href=\"http:\/\/vita-gv.fr\/index.php\/tarifs-et-inscriptions\/\" target=\"_self\">En savoir +<\/a><div class=\"fusion-clearfix\"><\/div><\/div><\/div><div class=\"fusion-clearfix\"><\/div><\/div><\/div><\/div><\/div><\/div><\/p>\n","protected":false},"excerpt":{"rendered":"","protected":false},"author":1,"featured_media":0,"parent":0,"menu_order":0,"comment_status":"open","ping_status":"closed","template":"100-width.php","meta":{"footnotes":""},"class_list":["post-13","page","type-page","status-publish","hentry"],"yoast_head":"<!-- This site is optimized with the Yoast SEO plugin v26.9 - https:\/\/yoast.com\/product\/yoast-seo-wordpress\/ -->\n<title>VITA-GV gymnastique volontaire de Vincennes - VITA-GV<\/title>\n<meta name=\"description\" content=\"VITA-GV, la pratique du sport selon vos aspirations. Dans une ambiance conviviale et non comp\u00e9titive, VITA-GV vous propose des cours en salle, en soir\u00e9e, et des cours en plein air, dans la journ\u00e9e du Lundi au Samedi \u00e0 Vincennes.\" \/>\n<meta name=\"robots\" content=\"index, follow, max-snippet:-1, max-image-preview:large, max-video-preview:-1\" \/>\n<link rel=\"canonical\" href=\"https:\/\/vita-gv.fr\/\" \/>\n<meta property=\"og:locale\" content=\"fr_FR\" \/>\n<meta property=\"og:type\" content=\"article\" \/>\n<meta property=\"og:title\" content=\"VITA-GV gymnastique volontaire de Vincennes - VITA-GV\" \/>\n<meta property=\"og:description\" content=\"VITA-GV, la pratique du sport selon vos aspirations. Dans une ambiance conviviale et non comp\u00e9titive, VITA-GV vous propose des cours en salle, en soir\u00e9e, et des cours en plein air, dans la journ\u00e9e du Lundi au Samedi \u00e0 Vincennes.\" \/>\n<meta property=\"og:url\" content=\"https:\/\/vita-gv.fr\/\" \/>\n<meta property=\"og:site_name\" content=\"VITA-GV\" \/>\n<meta property=\"article:modified_time\" content=\"2025-11-08T12:45:13+00:00\" \/>\n<meta name=\"twitter:card\" content=\"summary_large_image\" \/>\n<meta name=\"twitter:label1\" content=\"Dur\u00e9e de lecture estim\u00e9e\" \/>\n\t<meta name=\"twitter:data1\" content=\"8 minutes\" \/>\n<script type=\"application\/ld+json\" class=\"yoast-schema-graph\">{\"@context\":\"https:\/\/schema.org\",\"@graph\":[{\"@type\":\"WebPage\",\"@id\":\"https:\/\/vita-gv.fr\/\",\"url\":\"https:\/\/vita-gv.fr\/\",\"name\":\"VITA-GV gymnastique volontaire de Vincennes - VITA-GV\",\"isPartOf\":{\"@id\":\"https:\/\/vita-gv.fr\/#website\"},\"datePublished\":\"2014-02-06T09:37:28+00:00\",\"dateModified\":\"2025-11-08T12:45:13+00:00\",\"description\":\"VITA-GV, la pratique du sport selon vos aspirations. Dans une ambiance conviviale et non comp\u00e9titive, VITA-GV vous propose des cours en salle, en soir\u00e9e, et des cours en plein air, dans la journ\u00e9e du Lundi au Samedi \u00e0 Vincennes.\",\"breadcrumb\":{\"@id\":\"https:\/\/vita-gv.fr\/#breadcrumb\"},\"inLanguage\":\"fr-FR\",\"potentialAction\":[{\"@type\":\"ReadAction\",\"target\":[\"https:\/\/vita-gv.fr\/\"]}]},{\"@type\":\"BreadcrumbList\",\"@id\":\"https:\/\/vita-gv.fr\/#breadcrumb\",\"itemListElement\":[{\"@type\":\"ListItem\",\"position\":1,\"name\":\"Accueil\",\"item\":\"https:\/\/vita-gv.fr\/\"},{\"@type\":\"ListItem\",\"position\":2,\"name\":\"VITA-GV gymnastique volontaire de Vincennes\"}]},{\"@type\":\"WebSite\",\"@id\":\"https:\/\/vita-gv.fr\/#website\",\"url\":\"https:\/\/vita-gv.fr\/\",\"name\":\"VITA-GV\",\"description\":\"Gymnastique volontaire de Vincennes\",\"publisher\":{\"@id\":\"https:\/\/vita-gv.fr\/#organization\"},\"potentialAction\":[{\"@type\":\"SearchAction\",\"target\":{\"@type\":\"EntryPoint\",\"urlTemplate\":\"https:\/\/vita-gv.fr\/?s={search_term_string}\"},\"query-input\":{\"@type\":\"PropertyValueSpecification\",\"valueRequired\":true,\"valueName\":\"search_term_string\"}}],\"inLanguage\":\"fr-FR\"},{\"@type\":\"Organization\",\"@id\":\"https:\/\/vita-gv.fr\/#organization\",\"name\":\"VITA-GV\",\"url\":\"https:\/\/vita-gv.fr\/\",\"logo\":{\"@type\":\"ImageObject\",\"inLanguage\":\"fr-FR\",\"@id\":\"https:\/\/vita-gv.fr\/#\/schema\/logo\/image\/\",\"url\":\"https:\/\/vita-gv.fr\/wp-content\/uploads\/2018\/04\/logo-QCLSS-17-21-A094002-COULEUR.jpeg\",\"contentUrl\":\"https:\/\/vita-gv.fr\/wp-content\/uploads\/2018\/04\/logo-QCLSS-17-21-A094002-COULEUR.jpeg\",\"width\":476,\"height\":693,\"caption\":\"VITA-GV\"},\"image\":{\"@id\":\"https:\/\/vita-gv.fr\/#\/schema\/logo\/image\/\"}}]}<\/script>\n<!-- \/ Yoast SEO plugin. -->","yoast_head_json":{"title":"VITA-GV gymnastique volontaire de Vincennes - VITA-GV","description":"VITA-GV, la pratique du sport selon vos aspirations. Dans une ambiance conviviale et non comp\u00e9titive, VITA-GV vous propose des cours en salle, en soir\u00e9e, et des cours en plein air, dans la journ\u00e9e du Lundi au Samedi \u00e0 Vincennes.","robots":{"index":"index","follow":"follow","max-snippet":"max-snippet:-1","max-image-preview":"max-image-preview:large","max-video-preview":"max-video-preview:-1"},"canonical":"https:\/\/vita-gv.fr\/","og_locale":"fr_FR","og_type":"article","og_title":"VITA-GV gymnastique volontaire de Vincennes - VITA-GV","og_description":"VITA-GV, la pratique du sport selon vos aspirations. Dans une ambiance conviviale et non comp\u00e9titive, VITA-GV vous propose des cours en salle, en soir\u00e9e, et des cours en plein air, dans la journ\u00e9e du Lundi au Samedi \u00e0 Vincennes.","og_url":"https:\/\/vita-gv.fr\/","og_site_name":"VITA-GV","article_modified_time":"2025-11-08T12:45:13+00:00","twitter_card":"summary_large_image","twitter_misc":{"Dur\u00e9e de lecture estim\u00e9e":"8 minutes"},"schema":{"@context":"https:\/\/schema.org","@graph":[{"@type":"WebPage","@id":"https:\/\/vita-gv.fr\/","url":"https:\/\/vita-gv.fr\/","name":"VITA-GV gymnastique volontaire de Vincennes - VITA-GV","isPartOf":{"@id":"https:\/\/vita-gv.fr\/#website"},"datePublished":"2014-02-06T09:37:28+00:00","dateModified":"2025-11-08T12:45:13+00:00","description":"VITA-GV, la pratique du sport selon vos aspirations. Dans une ambiance conviviale et non comp\u00e9titive, VITA-GV vous propose des cours en salle, en soir\u00e9e, et des cours en plein air, dans la journ\u00e9e du Lundi au Samedi \u00e0 Vincennes.","breadcrumb":{"@id":"https:\/\/vita-gv.fr\/#breadcrumb"},"inLanguage":"fr-FR","potentialAction":[{"@type":"ReadAction","target":["https:\/\/vita-gv.fr\/"]}]},{"@type":"BreadcrumbList","@id":"https:\/\/vita-gv.fr\/#breadcrumb","itemListElement":[{"@type":"ListItem","position":1,"name":"Accueil","item":"https:\/\/vita-gv.fr\/"},{"@type":"ListItem","position":2,"name":"VITA-GV gymnastique volontaire de Vincennes"}]},{"@type":"WebSite","@id":"https:\/\/vita-gv.fr\/#website","url":"https:\/\/vita-gv.fr\/","name":"VITA-GV","description":"Gymnastique volontaire de Vincennes","publisher":{"@id":"https:\/\/vita-gv.fr\/#organization"},"potentialAction":[{"@type":"SearchAction","target":{"@type":"EntryPoint","urlTemplate":"https:\/\/vita-gv.fr\/?s={search_term_string}"},"query-input":{"@type":"PropertyValueSpecification","valueRequired":true,"valueName":"search_term_string"}}],"inLanguage":"fr-FR"},{"@type":"Organization","@id":"https:\/\/vita-gv.fr\/#organization","name":"VITA-GV","url":"https:\/\/vita-gv.fr\/","logo":{"@type":"ImageObject","inLanguage":"fr-FR","@id":"https:\/\/vita-gv.fr\/#\/schema\/logo\/image\/","url":"https:\/\/vita-gv.fr\/wp-content\/uploads\/2018\/04\/logo-QCLSS-17-21-A094002-COULEUR.jpeg","contentUrl":"https:\/\/vita-gv.fr\/wp-content\/uploads\/2018\/04\/logo-QCLSS-17-21-A094002-COULEUR.jpeg","width":476,"height":693,"caption":"VITA-GV"},"image":{"@id":"https:\/\/vita-gv.fr\/#\/schema\/logo\/image\/"}}]}},"_links":{"self":[{"href":"https:\/\/vita-gv.fr\/index.php\/wp-json\/wp\/v2\/pages\/13","targetHints":{"allow":["GET"]}}],"collection":[{"href":"https:\/\/vita-gv.fr\/index.php\/wp-json\/wp\/v2\/pages"}],"about":[{"href":"https:\/\/vita-gv.fr\/index.php\/wp-json\/wp\/v2\/types\/page"}],"author":[{"embeddable":true,"href":"https:\/\/vita-gv.fr\/index.php\/wp-json\/wp\/v2\/users\/1"}],"replies":[{"embeddable":true,"href":"https:\/\/vita-gv.fr\/index.php\/wp-json\/wp\/v2\/comments?post=13"}],"version-history":[{"count":40,"href":"https:\/\/vita-gv.fr\/index.php\/wp-json\/wp\/v2\/pages\/13\/revisions"}],"predecessor-version":[{"id":4602,"href":"https:\/\/vita-gv.fr\/index.php\/wp-json\/wp\/v2\/pages\/13\/revisions\/4602"}],"wp:attachment":[{"href":"https:\/\/vita-gv.fr\/index.php\/wp-json\/wp\/v2\/media?parent=13"}],"curies":[{"name":"wp","href":"https:\/\/api.w.org\/{rel}","templated":true}]}}